{"id":25,"date":"2019-06-02T23:34:29","date_gmt":"2019-06-02T21:34:29","guid":{"rendered":"https:\/\/www.stephanvonhuene.de\/en\/?page_id=25"},"modified":"2019-06-30T19:59:09","modified_gmt":"2019-06-30T17:59:09","slug":"drawings","status":"publish","type":"page","link":"https:\/\/www.stephanvonhuene.de\/en\/drawings\/","title":{"rendered":"Drawings"},"content":{"rendered":"<section class=\"wpb-content-wrapper\"><p>[vc_row row_type=&#8221;row&#8221; use_row_as_full_screen_section=&#8221;no&#8221; type=&#8221;full_width&#8221; text_align=&#8221;left&#8221; background_animation=&#8221;none&#8221; css_animation=&#8221;&#8221; el_class=&#8221;absatz2&#8243;][vc_column][vc_column_text el_class=&#8221;absatz&#8221;]The medium of drawing was exploited by Stephan von Huene in manifold ways. Not only did he produce drawings throughout his life, but also taught draftsmanship. He would often close a letter with a signature drawing which showed a hand holding a pencil, which it used to trace out a curving line. Among draftsmen, he esteemed in particular Albrecht D\u00fcrer, Honor\u00e9 Daumier, and Gustave Dor\u00e9.[\/vc_column_text][vc_column_text el_class=&#8221;absatz&#8221;]Von Huene\u2019s \u0153uvre contains three wide-ranging cycles of drawings, beginning in 1964 with the <em>Pasadena Ink Drawings<\/em>, which depict metamorphoses of humans, animals, and monsters. The occasional orchestration of the body accounts for the muted tone. The <em>Pasadena Ink Drawings<\/em>, in each of which an isolated figure is delineated and then subdivided into its body parts, depict not turbulent scenes, but instead, in each case, a segmented body-landscape. The figures in the black <em>Smoke Drawings<\/em> originate with the imprint of a finger or the heel of the hand, after which a stylus was used to circumscribe the contours.[\/vc_column_text][\/vc_column][\/vc_row][vc_row row_type=&#8221;row&#8221; use_row_as_full_screen_section=&#8221;no&#8221; type=&#8221;full_width&#8221; text_align=&#8221;left&#8221; background_animation=&#8221;none&#8221; css_animation=&#8221;&#8221;][vc_column][vc_column_text]<\/p>\n<h4><a href=\"https:\/\/www.stephanvonhuene.de\/en\/drawings\/1955-1964\/\">1955 \u2013 1964<\/a><\/h4>\n<p>[\/vc_column_text]<div class='projects_holder_outer v6 portfolio_with_space portfolio_standard masonry_with_space pinterest_space qode-filter-position-top'>\n\n<div class='projects_holder clearfix v6 standard portfolio_default_image appear_from_bottom'>\n\n<article class=\"mix portfolio_category_26\">\n    <div class='image_holder default_hover'>\n        \n<span class='image'><img width=\"300\" height=\"300\" src=\"https:\/\/www.stephanvonhuene.de\/en\/wp-content\/uploads\/sites\/2\/2019\/06\/z-uncle-sam-th.jpg\" class=\"attachment-portfolio_masonry_with_space size-portfolio_masonry_with_space wp-post-image\" alt=\"\" decoding=\"async\" loading=\"lazy\" srcset=\"https:\/\/www.stephanvonhuene.de\/en\/wp-content\/uploads\/sites\/2\/2019\/06\/z-uncle-sam-th.jpg 300w, https:\/\/www.stephanvonhuene.de\/en\/wp-content\/uploads\/sites\/2\/2019\/06\/z-uncle-sam-th-150x150.jpg 150w\" sizes=\"(max-width: 300px) 100vw, 300px\" \/><\/span>\n                        <a class='portfolio_link_class' href='https:\/\/www.stephanvonhuene.de\/en\/portfolio_page\/uncle-sam-and-the-statue-of-liberty\/' target='_self'><\/a>\n            \n            <div class=\"portfolio_shader\"><\/div>\n\n            <div class=\"icons_holder\">\n\t<div class=\"icons_holder_inner\">\n\t\t\n\t\t\t<\/div>\n<\/div>\n            \n    <\/div>\n            <div class='portfolio_description  text_align_left' >\n                <h6 class=\"portfolio_title\" ><a href=\"https:\/\/www.stephanvonhuene.de\/en\/portfolio_page\/uncle-sam-and-the-statue-of-liberty\/\" target=\"_self\"> Uncle Sam and the Statue of Liberty<\/a><\/h6>\n<h6 class=\"portfolio_subtitle\"> <\/h6>        <\/div>\n    \n<\/article>\n<article class=\"mix portfolio_category_26\">\n    <div class='image_holder default_hover'>\n        \n<span class='image'><img width=\"300\" height=\"300\" src=\"https:\/\/www.stephanvonhuene.de\/en\/wp-content\/uploads\/sites\/2\/2019\/06\/xs043.jpg\" class=\"attachment-portfolio_masonry_with_space size-portfolio_masonry_with_space wp-post-image\" alt=\"\" decoding=\"async\" loading=\"lazy\" srcset=\"https:\/\/www.stephanvonhuene.de\/en\/wp-content\/uploads\/sites\/2\/2019\/06\/xs043.jpg 300w, https:\/\/www.stephanvonhuene.de\/en\/wp-content\/uploads\/sites\/2\/2019\/06\/xs043-150x150.jpg 150w\" sizes=\"(max-width: 300px) 100vw, 300px\" \/><\/span>\n                        <a class='portfolio_link_class' href='https:\/\/www.stephanvonhuene.de\/en\/portfolio_page\/ink-drawings\/' target='_self'><\/a>\n            \n            <div class=\"portfolio_shader\"><\/div>\n\n            <div class=\"icons_holder\">\n\t<div class=\"icons_holder_inner\">\n\t\t\n\t\t\t<\/div>\n<\/div>\n            \n    <\/div>\n            <div class='portfolio_description  text_align_left' >\n                <h6 class=\"portfolio_title\" ><a href=\"https:\/\/www.stephanvonhuene.de\/en\/portfolio_page\/ink-drawings\/\" target=\"_self\"> Ink Drawings<\/a><\/h6>\n<h6 class=\"portfolio_subtitle\"> <\/h6>        <\/div>\n    \n<\/article>\n<article class=\"mix portfolio_category_26\">\n    <div class='image_holder default_hover'>\n        \n<span class='image'><img width=\"300\" height=\"300\" src=\"https:\/\/www.stephanvonhuene.de\/en\/wp-content\/uploads\/sites\/2\/2019\/06\/pasadena-feder-th2.jpg\" class=\"attachment-portfolio_masonry_with_space size-portfolio_masonry_with_space wp-post-image\" alt=\"\" decoding=\"async\" loading=\"lazy\" srcset=\"https:\/\/www.stephanvonhuene.de\/en\/wp-content\/uploads\/sites\/2\/2019\/06\/pasadena-feder-th2.jpg 300w, https:\/\/www.stephanvonhuene.de\/en\/wp-content\/uploads\/sites\/2\/2019\/06\/pasadena-feder-th2-150x150.jpg 150w\" sizes=\"(max-width: 300px) 100vw, 300px\" \/><\/span>\n                        <a class='portfolio_link_class' href='https:\/\/www.stephanvonhuene.de\/en\/portfolio_page\/pasadena-pen-drawings\/' target='_self'><\/a>\n            \n            <div class=\"portfolio_shader\"><\/div>\n\n            <div class=\"icons_holder\">\n\t<div class=\"icons_holder_inner\">\n\t\t\n\t\t\t<\/div>\n<\/div>\n            \n    <\/div>\n            <div class='portfolio_description  text_align_left' >\n                <h6 class=\"portfolio_title\" ><a href=\"https:\/\/www.stephanvonhuene.de\/en\/portfolio_page\/pasadena-pen-drawings\/\" target=\"_self\"> Pasadena Pen Drawings<\/a><\/h6>\n<h6 class=\"portfolio_subtitle\"> <\/h6>        <\/div>\n    \n<\/article>\n<article class=\"mix portfolio_category_26\">\n    <div class='image_holder default_hover'>\n        \n<span class='image'><img width=\"300\" height=\"300\" src=\"https:\/\/www.stephanvonhuene.de\/en\/wp-content\/uploads\/sites\/2\/2019\/06\/pasadena-blei-th.jpg\" class=\"attachment-portfolio_masonry_with_space size-portfolio_masonry_with_space wp-post-image\" alt=\"\" decoding=\"async\" loading=\"lazy\" srcset=\"https:\/\/www.stephanvonhuene.de\/en\/wp-content\/uploads\/sites\/2\/2019\/06\/pasadena-blei-th.jpg 300w, https:\/\/www.stephanvonhuene.de\/en\/wp-content\/uploads\/sites\/2\/2019\/06\/pasadena-blei-th-150x150.jpg 150w\" sizes=\"(max-width: 300px) 100vw, 300px\" \/><\/span>\n                        <a class='portfolio_link_class' href='https:\/\/www.stephanvonhuene.de\/en\/portfolio_page\/pasadena-pencil-drawings\/' target='_self'><\/a>\n            \n            <div class=\"portfolio_shader\"><\/div>\n\n            <div class=\"icons_holder\">\n\t<div class=\"icons_holder_inner\">\n\t\t\n\t\t\t<\/div>\n<\/div>\n            \n    <\/div>\n            <div class='portfolio_description  text_align_left' >\n                <h6 class=\"portfolio_title\" ><a href=\"https:\/\/www.stephanvonhuene.de\/en\/portfolio_page\/pasadena-pencil-drawings\/\" target=\"_self\"> Pasadena Pencil Drawings<\/a><\/h6>\n<h6 class=\"portfolio_subtitle\"> <\/h6>        <\/div>\n    \n<\/article>\n<article class=\"mix portfolio_category_26\">\n    <div class='image_holder default_hover'>\n        \n<span class='image'><img width=\"300\" height=\"300\" src=\"https:\/\/www.stephanvonhuene.de\/en\/wp-content\/uploads\/sites\/2\/2019\/06\/feder64-th.jpg\" class=\"attachment-portfolio_masonry_with_space size-portfolio_masonry_with_space wp-post-image\" alt=\"\" decoding=\"async\" loading=\"lazy\" srcset=\"https:\/\/www.stephanvonhuene.de\/en\/wp-content\/uploads\/sites\/2\/2019\/06\/feder64-th.jpg 300w, https:\/\/www.stephanvonhuene.de\/en\/wp-content\/uploads\/sites\/2\/2019\/06\/feder64-th-150x150.jpg 150w\" sizes=\"(max-width: 300px) 100vw, 300px\" \/><\/span>\n                        <a class='portfolio_link_class' href='https:\/\/www.stephanvonhuene.de\/en\/portfolio_page\/pen-drawings\/' target='_self'><\/a>\n            \n            <div class=\"portfolio_shader\"><\/div>\n\n            <div class=\"icons_holder\">\n\t<div class=\"icons_holder_inner\">\n\t\t\n\t\t\t<\/div>\n<\/div>\n            \n    <\/div>\n            <div class='portfolio_description  text_align_left' >\n                <h6 class=\"portfolio_title\" ><a href=\"https:\/\/www.stephanvonhuene.de\/en\/portfolio_page\/pen-drawings\/\" target=\"_self\"> Pen Drawings<\/a><\/h6>\n<h6 class=\"portfolio_subtitle\"> <\/h6>        <\/div>\n    \n<\/article>\n<article class=\"mix portfolio_category_26\">\n    <div class='image_holder default_hover'>\n        \n<span class='image'><img width=\"300\" height=\"300\" src=\"https:\/\/www.stephanvonhuene.de\/en\/wp-content\/uploads\/sites\/2\/2019\/06\/rauch-th.jpg\" class=\"attachment-portfolio_masonry_with_space size-portfolio_masonry_with_space wp-post-image\" alt=\"\" decoding=\"async\" loading=\"lazy\" srcset=\"https:\/\/www.stephanvonhuene.de\/en\/wp-content\/uploads\/sites\/2\/2019\/06\/rauch-th.jpg 300w, https:\/\/www.stephanvonhuene.de\/en\/wp-content\/uploads\/sites\/2\/2019\/06\/rauch-th-150x150.jpg 150w\" sizes=\"(max-width: 300px) 100vw, 300px\" \/><\/span>\n                        <a class='portfolio_link_class' href='https:\/\/www.stephanvonhuene.de\/en\/portfolio_page\/smoke-drawings\/' target='_self'><\/a>\n            \n            <div class=\"portfolio_shader\"><\/div>\n\n            <div class=\"icons_holder\">\n\t<div class=\"icons_holder_inner\">\n\t\t\n\t\t\t<\/div>\n<\/div>\n            \n    <\/div>\n            <div class='portfolio_description  text_align_left' >\n                <h6 class=\"portfolio_title\" ><a href=\"https:\/\/www.stephanvonhuene.de\/en\/portfolio_page\/smoke-drawings\/\" target=\"_self\"> Smoke Drawings<\/a><\/h6>\n<h6 class=\"portfolio_subtitle\"> <\/h6>        <\/div>\n    \n<\/article>\n\t\t\t\t<div class='filler'><\/div>\n\t\t\t\t\t\t\t<div class='filler'><\/div>\n\t\t\t\t\t\t\t<div class='filler'><\/div>\n\t\t\t\t\t\t\t<div class='filler'><\/div>\n\t\t\t\t\t\t\t<div class='filler'><\/div>\n\t\t\t\t\t\t\t<div class='filler'><\/div>\n\t\t\t<\/div>\n    <\/div>\n[\/vc_column][\/vc_row][vc_row row_type=&#8221;row&#8221; use_row_as_full_screen_section=&#8221;no&#8221; type=&#8221;full_width&#8221; text_align=&#8221;left&#8221; background_animation=&#8221;none&#8221; css_animation=&#8221;&#8221; el_class=&#8221;absatz3&#8243;][vc_column][vc_column_text]<\/p>\n<h4><a href=\"https:\/\/www.stephanvonhuene.de\/en\/drawings\/1972-1997\/\">1972 \u2013 1997<\/a><\/h4>\n<p>[\/vc_column_text]<div class='projects_holder_outer v6 portfolio_with_space portfolio_standard masonry_with_space pinterest_space qode-filter-position-top'>\n\n<div class='projects_holder clearfix v6 standard portfolio_default_image appear_from_bottom'>\n\n<article class=\"mix portfolio_category_3\">\n    <div class='image_holder default_hover'>\n        \n<span class='image'><img width=\"300\" height=\"300\" src=\"https:\/\/www.stephanvonhuene.de\/en\/wp-content\/uploads\/sites\/2\/2019\/06\/lith-entre-th1.jpg\" class=\"attachment-portfolio_masonry_with_space size-portfolio_masonry_with_space wp-post-image\" alt=\"\" decoding=\"async\" loading=\"lazy\" srcset=\"https:\/\/www.stephanvonhuene.de\/en\/wp-content\/uploads\/sites\/2\/2019\/06\/lith-entre-th1.jpg 300w, https:\/\/www.stephanvonhuene.de\/en\/wp-content\/uploads\/sites\/2\/2019\/06\/lith-entre-th1-150x150.jpg 150w\" sizes=\"(max-width: 300px) 100vw, 300px\" \/><\/span>\n                        <a class='portfolio_link_class' href='https:\/\/www.stephanvonhuene.de\/en\/portfolio_page\/lithographs\/' target='_self'><\/a>\n            \n            <div class=\"portfolio_shader\"><\/div>\n\n            <div class=\"icons_holder\">\n\t<div class=\"icons_holder_inner\">\n\t\t\n\t\t\t<\/div>\n<\/div>\n            \n    <\/div>\n            <div class='portfolio_description  text_align_left' >\n                <h6 class=\"portfolio_title\" ><a href=\"https:\/\/www.stephanvonhuene.de\/en\/portfolio_page\/lithographs\/\" target=\"_self\"> Lithographs<\/a><\/h6>\n<h6 class=\"portfolio_subtitle\"> <\/h6>        <\/div>\n    \n<\/article>\n<article class=\"mix portfolio_category_3\">\n    <div class='image_holder default_hover'>\n        \n<span class='image'><img width=\"300\" height=\"300\" src=\"https:\/\/www.stephanvonhuene.de\/en\/wp-content\/uploads\/sites\/2\/2019\/06\/zc-th.png\" class=\"attachment-portfolio_masonry_with_space size-portfolio_masonry_with_space wp-post-image\" alt=\"\" decoding=\"async\" loading=\"lazy\" srcset=\"https:\/\/www.stephanvonhuene.de\/en\/wp-content\/uploads\/sites\/2\/2019\/06\/zc-th.png 300w, https:\/\/www.stephanvonhuene.de\/en\/wp-content\/uploads\/sites\/2\/2019\/06\/zc-th-150x150.png 150w\" sizes=\"(max-width: 300px) 100vw, 300px\" \/><\/span>\n                        <a class='portfolio_link_class' href='https:\/\/www.stephanvonhuene.de\/en\/portfolio_page\/zeit-collages\/' target='_self'><\/a>\n            \n            <div class=\"portfolio_shader\"><\/div>\n\n            <div class=\"icons_holder\">\n\t<div class=\"icons_holder_inner\">\n\t\t\n\t\t\t<\/div>\n<\/div>\n            \n    <\/div>\n            <div class='portfolio_description  text_align_left' >\n                <h6 class=\"portfolio_title\" ><a href=\"https:\/\/www.stephanvonhuene.de\/en\/portfolio_page\/zeit-collages\/\" target=\"_self\"> ZEIT Collages<\/a><\/h6>\n<h6 class=\"portfolio_subtitle\"> <\/h6>        <\/div>\n    \n<\/article>\n<article class=\"mix portfolio_category_3\">\n    <div class='image_holder default_hover'>\n        \n<span class='image'><img width=\"200\" height=\"200\" src=\"https:\/\/www.stephanvonhuene.de\/en\/wp-content\/uploads\/sites\/2\/2019\/06\/get-talk-th.c.jpg\" class=\"attachment-portfolio_masonry_with_space size-portfolio_masonry_with_space wp-post-image\" alt=\"\" decoding=\"async\" loading=\"lazy\" srcset=\"https:\/\/www.stephanvonhuene.de\/en\/wp-content\/uploads\/sites\/2\/2019\/06\/get-talk-th.c.jpg 200w, https:\/\/www.stephanvonhuene.de\/en\/wp-content\/uploads\/sites\/2\/2019\/06\/get-talk-th.c-150x150.jpg 150w\" sizes=\"(max-width: 200px) 100vw, 200px\" \/><\/span>\n                        <a class='portfolio_link_class' href='https:\/\/www.stephanvonhuene.de\/en\/portfolio_page\/mind-maps\/' target='_self'><\/a>\n            \n            <div class=\"portfolio_shader\"><\/div>\n\n            <div class=\"icons_holder\">\n\t<div class=\"icons_holder_inner\">\n\t\t\n\t\t\t<\/div>\n<\/div>\n            \n    <\/div>\n            <div class='portfolio_description  text_align_left' >\n                <h6 class=\"portfolio_title\" ><a href=\"https:\/\/www.stephanvonhuene.de\/en\/portfolio_page\/mind-maps\/\" target=\"_self\"> Mind Maps<\/a><\/h6>\n<h6 class=\"portfolio_subtitle\"> <\/h6>        <\/div>\n    \n<\/article>\n\t\t\t\t<div class='filler'><\/div>\n\t\t\t\t\t\t\t<div class='filler'><\/div>\n\t\t\t\t\t\t\t<div class='filler'><\/div>\n\t\t\t\t\t\t\t<div class='filler'><\/div>\n\t\t\t\t\t\t\t<div class='filler'><\/div>\n\t\t\t\t\t\t\t<div class='filler'><\/div>\n\t\t\t<\/div>\n    <\/div>\n[\/vc_column][\/vc_row]<\/p>\n<\/section>","protected":false},"excerpt":{"rendered":"<p>[vc_row row_type=&#8221;row&#8221; use_row_as_full_screen_section=&#8221;no&#8221; type=&#8221;full_width&#8221; text_align=&#8221;left&#8221; background_animation=&#8221;none&#8221; css_animation=&#8221;&#8221; el_class=&#8221;absatz2&#8243;][vc_column][vc_column_text el_class=&#8221;absatz&#8221;]The medium of drawing was exploited by Stephan von Huene in manifold&#8230;<\/p>\n","protected":false},"author":2,"featured_media":0,"parent":0,"menu_order":0,"comment_status":"closed","ping_status":"closed","template":"","meta":[],"_links":{"self":[{"href":"https:\/\/www.stephanvonhuene.de\/en\/wp-json\/wp\/v2\/pages\/25"}],"collection":[{"href":"https:\/\/www.stephanvonhuene.de\/en\/wp-json\/wp\/v2\/pages"}],"about":[{"href":"https:\/\/www.stephanvonhuene.de\/en\/wp-json\/wp\/v2\/types\/page"}],"author":[{"embeddable":true,"href":"https:\/\/www.stephanvonhuene.de\/en\/wp-json\/wp\/v2\/users\/2"}],"replies":[{"embeddable":true,"href":"https:\/\/www.stephanvonhuene.de\/en\/wp-json\/wp\/v2\/comments?post=25"}],"version-history":[{"count":5,"href":"https:\/\/www.stephanvonhuene.de\/en\/wp-json\/wp\/v2\/pages\/25\/revisions"}],"predecessor-version":[{"id":1060,"href":"https:\/\/www.stephanvonhuene.de\/en\/wp-json\/wp\/v2\/pages\/25\/revisions\/1060"}],"wp:attachment":[{"href":"https:\/\/www.stephanvonhuene.de\/en\/wp-json\/wp\/v2\/media?parent=25"}],"curies":[{"name":"wp","href":"https:\/\/api.w.org\/{rel}","templated":true}]}}